{"id":436,"date":"2021-05-28T03:23:12","date_gmt":"2021-05-28T03:23:12","guid":{"rendered":"https:\/\/asesoriaimpuestos.com.mx\/?page_id=436"},"modified":"2021-05-31T01:09:03","modified_gmt":"2021-05-31T01:09:03","slug":"aviso-de-privacidad","status":"publish","type":"page","link":"https:\/\/asesoriaimpuestos.com.mx\/index.php\/aviso-de-privacidad\/","title":{"rendered":"Aviso de Privacidad"},"content":{"rendered":"<p>[et_pb_section fb_built=\u00bb1&#8243; admin_label=\u00bbHeader\u00bb _builder_version=\u00bb4.9.4&#8243; use_background_color_gradient=\u00bbon\u00bb background_color_gradient_start=\u00bbrgba(0,19,46,0.6)\u00bb background_color_gradient_end=\u00bbrgba(0,19,46,0.6)\u00bb background_color_gradient_overlays_image=\u00bbon\u00bb background_image=\u00bbhttp:\/\/asesoriaimpuestos.com.mx\/wp-content\/uploads\/2021\/05\/asesoria-fiscal-06.jpg\u00bb custom_padding=\u00bb||||false|false\u00bb locked=\u00bboff\u00bb][et_pb_row _builder_version=\u00bb4.4.3&#8243;][et_pb_column type=\u00bb4_4&#8243; _builder_version=\u00bb4.4.3&#8243;][et_pb_text _builder_version=\u00bb4.4.3&#8243; header_font=\u00bbDarker Grotesque|900|||||||\u00bb header_font_size=\u00bb100px\u00bb background_layout=\u00bbdark\u00bb custom_margin=\u00bb||||false|false\u00bb header_font_size_tablet=\u00bb70px\u00bb header_font_size_phone=\u00bb41px\u00bb header_font_size_last_edited=\u00bbon|phone\u00bb]<\/p>\n<h1>Aviso de Privacidad<\/h1>\n<p>[\/et_pb_text][\/et_pb_column][\/et_pb_row][\/et_pb_section][et_pb_section fb_built=\u00bb1&#8243; admin_label=\u00bbAbout\u00bb _builder_version=\u00bb4.4.3&#8243;][et_pb_row _builder_version=\u00bb4.4.3&#8243;][et_pb_column type=\u00bb4_4&#8243; _builder_version=\u00bb4.4.3&#8243;][et_pb_text _builder_version=\u00bb4.9.4&#8243; text_font=\u00bbDarker Grotesque|600|||||||\u00bb text_font_size=\u00bb18px\u00bb text_line_height=\u00bb1.4em\u00bb]<\/p>\n<p style=\"text-align: justify;\">El presente aviso de privacidad se establece en cumplimiento de lo dispuesto en la Ley Federal de Protecci\u00f3n de Datos Personales en Posesi\u00f3n de los Particulares.<\/p>\n<p style=\"text-align: justify;\">\u201cAsesor\u00eda Fiscal y Financiera, \u00c1ngel Flores Villa \u201d, con domicilio en Insurgentes norte 628-14, colonia Santa Mar\u00eda Insurgentes, CP 06430, M\u00e9xico, es responsable de recabar sus datos personales, del uso que se le d\u00e9 a los mismos y de su protecci\u00f3n. Su informaci\u00f3n personal ser\u00e1 utilizada para proveer los servicios y productos que ha solicitado, informarle sobre cambios en los mismos y evaluar la calidad del servicio que le brindamos.<\/p>\n<p style=\"text-align: justify;\">Para las finalidades se\u00f1aladas en el presente aviso de privacidad, podemos recabar sus datos personales de distintas formas: cuando usted nos los proporciona directamente; cuando visita nuestro sitio de Internet o utiliza nuestros servicios en l\u00ednea, y cuando obtenemos informaci\u00f3n a trav\u00e9s de otras fuentes que est\u00e1n permitidas por la ley. Recabamos sus datos personales de forma directa cuando usted mismo nos los proporciona por diversos medios, como cuando nos contacta o nos da informaci\u00f3n con objeto de que le prestemos un servicio. Los datos que obtenemos por este medio pueden ser, entre otros: Su nombre, correo electr\u00f3nico (email), pa\u00eds y ciudad , p\u00e1ginas visitadas dentro de nuestro sitio, informaci\u00f3n para mejorar su experiencia en nuestro sitio como resoluci\u00f3n de pantalla, explorador y tipo de sistema operativo utilizado. Usted tiene derecho de acceder, rectificar y cancelar sus datos personales, as\u00ed como de oponerse al tratamiento de los mismos o revocar el consentimiento que para tal fin nos haya otorgado, a trav\u00e9s de los procedimientos que hemos implementado.<\/p>\n<p style=\"text-align: justify;\"><strong>Aviso de Privacidad Detallado<\/strong><\/p>\n<p style=\"text-align: justify;\">En este Aviso de Privacidad se explica nuestra pol\u00edtica respecto de la recolecci\u00f3n, uso, divulgaci\u00f3n y transmisi\u00f3n de los datos de usuarios por parte de \u201cAsesor\u00eda Fiscal y Financiera, \u00c1ngel Flores Villa\u201d. La presente pol\u00edtica se podr\u00e1 modificar a medida que actualizamos y ampliamos nuestros servicios. Por lo tanto, se recomienda consultarla peri\u00f3dicamente. Si accede a nuestro sitio web o de otro modo utiliza nuestro servicio, significa que presta su consentimiento a nuestras pr\u00e1cticas sobre informaci\u00f3n.<\/p>\n<p style=\"text-align: justify;\">Importante: el presente Aviso de Privacidad incluye hiperv\u00ednculos a los que se puede acceder \u00fanicamente a trav\u00e9s de nuestro sitio web, de modo que tendr\u00e1 que visitar el sitio web para consultar los t\u00e9rminos adicionales a los que se accede a trav\u00e9s de los hiperv\u00ednculos.<\/p>\n<p style=\"text-align: justify;\">La presente pol\u00edtica se podr\u00e1 modificar a medida que actualizamos y ampliamos nuestros servicios. Consulte regularmente si existe alguna actualizaci\u00f3n a esta pol\u00edtica. Usted acuerda que su aceptaci\u00f3n de los T\u00e9rminos de Uso y el Aviso de privacidad posterior a su consentimiento original, as\u00ed como el uso del sitio web de \u201cAsesor\u00eda Fiscal y Financiera, \u00c1ngel Flores Villa\u201d o el uso continuo de nuestro servicio despu\u00e9s de publicar un cambio a esta pol\u00edtica implica que acepta dichos cambios y se obliga a respetarlos. Podr\u00e1 acceder a la \u00faltima versi\u00f3n de esta Aviso de privacidad visitando nuestro sitio web y haciendo clic en \u201cAviso de privacidad\u201d al pie de las p\u00e1ginas del sitio web de https:\/\/asesoriaimpuestos.com.mx\/.<\/p>\n<p style=\"text-align: justify;\">Para garantizar el correcto resguardo de sus datos personales y para dar pleno cumplimiento a las obligaciones que la LFPDPPP establece en la materia, se le informa que \u201cAsesor\u00eda Fiscal y Financiera, \u00c1ngel Flores Villa\u201d tiene implementadas las medidas de seguridad administrativas, t\u00e9cnicas y f\u00edsicas necesarias y suficientes para evitar su da\u00f1o, p\u00e9rdida, alteraci\u00f3n, destrucci\u00f3n, uso, acceso o divulgaci\u00f3n indebida.<\/p>\n<p style=\"text-align: justify;\">Los Datos Personales que han proporcionados ser\u00e1n conservados por un periodo de 1 a\u00f1o, excepto la que fiscalmente debe considerarse por 5 a\u00f1os, en medios f\u00edsicos y electr\u00f3nicos, y posteriormente descartados para evitar un tratamiento indebido de los mismos.<\/p>\n<p style=\"text-align: justify;\">En ning\u00fan caso \u201cAsesor\u00eda Fiscal y Financiera, \u00c1ngel Flores Villa\u201d transferir\u00e1 los datos personales de sus clientes a un tercero, sin el consentimiento previo de los titulares<\/p>\n<p style=\"text-align: justify;\"><strong>PROCEDIMIENTO PARA HACER VALER LOS DERECHOS ARCO.-<\/strong><\/p>\n<p style=\"text-align: justify;\">Usted tiene derecho de acceder a sus datos personales que poseemos y a los detalles del tratamiento de los mismos, as\u00ed como a rectificarlos en caso de ser inexactos o incompletos; cancelarlos cuando considere que no se requieren para alguna de las finalidades se\u00f1alados en el presente aviso de privacidad, est\u00e9n siendo utilizados para finalidades no consentidas o haya finalizado la relaci\u00f3n contractual o de servicio, o bien, oponerse al tratamiento de los mismos para fines espec\u00edficos.<\/p>\n<p style=\"text-align: justify;\">Los mecanismos que se han implementado para el ejercicio de dichos derechos, los cuales se conocen como derechos Arco mismos que se refieren a la rectificaci\u00f3n, cancelaci\u00f3n y oposici\u00f3n del Titular respecto al tratamiento de sus datos personales;<\/p>\n<p style=\"text-align: justify;\">1) El procedimiento inicia con la presentaci\u00f3n de la solicitud respectiva a los derechos Arco, en el domicilio de nuestra Oficina de Privacidad, mismo que fue debidamente se\u00f1alado al principio del presente aviso de privacidad.<\/p>\n<p style=\"text-align: justify;\">2) Su solicitud deber\u00e1 contener la siguiente informaci\u00f3n:<br \/>Nombre del titular de los datos personales. Domicilio o cualquier otro medio de contacto. Documentos que acrediten su personalidad e identidad. La descripci\u00f3n clara y precisa de los datos personales. Cualquier otro documento que facilite la localizaci\u00f3n<br \/>de los datos.<\/p>\n<p style=\"text-align: justify;\">3) El plazo para atender su solicitud es de: 15 d\u00edas h\u00e1biles.<\/p>\n<p style=\"text-align: justify;\">La \u00faltima versi\u00f3n del presente Aviso de privacidad prevalecer\u00e1 sobre todas las versiones anteriores.<\/p>\n<p style=\"text-align: justify;\">Fecha de ultima actualizaci\u00f3n: 30 de Mayo de 2021<\/p>\n<p>[\/et_pb_text][\/et_pb_column][\/et_pb_row][\/et_pb_section]<\/p>\n","protected":false},"excerpt":{"rendered":"<p>[et_pb_section fb_built=\u00bb1&#8243; admin_label=\u00bbHeader\u00bb _builder_version=\u00bb4.9.4&#8243; use_background_color_gradient=\u00bbon\u00bb background_color_gradient_start=\u00bbrgba(0,19,46,0.6)\u00bb background_color_gradient_end=\u00bbrgba(0,19,46,0.6)\u00bb background_color_gradient_overlays_image=\u00bbon\u00bb background_image=\u00bbhttp:\/\/asesoriaimpuestos.com.mx\/wp-content\/uploads\/2021\/05\/asesoria-fiscal-06.jpg\u00bb custom_padding=\u00bb||||false|false\u00bb locked=\u00bboff\u00bb][et_pb_row _builder_version=\u00bb4.4.3&#8243;][et_pb_column type=\u00bb4_4&#8243; _builder_version=\u00bb4.4.3&#8243;][et_pb_text _builder_version=\u00bb4.4.3&#8243; header_font=\u00bbDarker Grotesque|900|||||||\u00bb header_font_size=\u00bb100px\u00bb background_layout=\u00bbdark\u00bb custom_margin=\u00bb||||false|false\u00bb header_font_size_tablet=\u00bb70px\u00bb header_font_size_phone=\u00bb41px\u00bb header_font_size_last_edited=\u00bbon|phone\u00bb] Aviso de Privacidad [\/et_pb_text][\/et_pb_column][\/et_pb_row][\/et_pb_section][et_pb_section fb_built=\u00bb1&#8243; admin_label=\u00bbAbout\u00bb _builder_version=\u00bb4.4.3&#8243;][et_pb_row _builder_version=\u00bb4.4.3&#8243;][et_pb_column type=\u00bb4_4&#8243; _builder_version=\u00bb4.4.3&#8243;][et_pb_text _builder_version=\u00bb4.9.4&#8243; text_font=\u00bbDarker Grotesque|600|||||||\u00bb text_font_size=\u00bb18px\u00bb text_line_height=\u00bb1.4em\u00bb] El presente aviso de privacidad se establece en cumplimiento de lo dispuesto en la Ley Federal de [&hellip;]<\/p>\n","protected":false},"author":2,"featured_media":0,"parent":0,"menu_order":0,"comment_status":"closed","ping_status":"closed","template":"","meta":{"_et_pb_use_builder":"on","_et_pb_old_content":"<!-- wp:divi\/placeholder \/-->","_et_gb_content_width":"","om_disable_all_campaigns":false,"_monsterinsights_skip_tracking":false,"_monsterinsights_sitenote_active":false,"_monsterinsights_sitenote_note":"","_monsterinsights_sitenote_category":0},"_links":{"self":[{"href":"https:\/\/asesoriaimpuestos.com.mx\/index.php\/wp-json\/wp\/v2\/pages\/436"}],"collection":[{"href":"https:\/\/asesoriaimpuestos.com.mx\/index.php\/wp-json\/wp\/v2\/pages"}],"about":[{"href":"https:\/\/asesoriaimpuestos.com.mx\/index.php\/wp-json\/wp\/v2\/types\/page"}],"author":[{"embeddable":true,"href":"https:\/\/asesoriaimpuestos.com.mx\/index.php\/wp-json\/wp\/v2\/users\/2"}],"replies":[{"embeddable":true,"href":"https:\/\/asesoriaimpuestos.com.mx\/index.php\/wp-json\/wp\/v2\/comments?post=436"}],"version-history":[{"count":6,"href":"https:\/\/asesoriaimpuestos.com.mx\/index.php\/wp-json\/wp\/v2\/pages\/436\/revisions"}],"predecessor-version":[{"id":496,"href":"https:\/\/asesoriaimpuestos.com.mx\/index.php\/wp-json\/wp\/v2\/pages\/436\/revisions\/496"}],"wp:attachment":[{"href":"https:\/\/asesoriaimpuestos.com.mx\/index.php\/wp-json\/wp\/v2\/media?parent=436"}],"curies":[{"name":"wp","href":"https:\/\/api.w.org\/{rel}","templated":true}]}}